{"id":72,"date":"2017-02-23T23:50:56","date_gmt":"2017-02-23T23:50:56","guid":{"rendered":"http:\/\/aufdemwegzumendederwelt.de\/?page_id=72"},"modified":"2023-02-26T19:33:51","modified_gmt":"2023-02-26T19:33:51","slug":"projekt-finisterre","status":"publish","type":"page","link":"https:\/\/aufdemwegzumendederwelt.de\/?page_id=72","title":{"rendered":"Projekt Finisterre"},"content":{"rendered":"<p>Der Gedanke, unsere Pilgerreise einem gutem Zweck zu widmen, kam uns im Dezember 2016.<\/p>\n<p><img decoding=\"async\" loading=\"lazy\" class=\"wp-image-83 size-full aligncenter\" src=\"http:\/\/aufdemwegzumendederwelt.de\/wp-content\/uploads\/2017\/02\/Familien-Shaoua.png\" alt=\"\" width=\"459\" height=\"349\" srcset=\"https:\/\/aufdemwegzumendederwelt.de\/wp-content\/uploads\/2017\/02\/Familien-Shaoua.png 459w, https:\/\/aufdemwegzumendederwelt.de\/wp-content\/uploads\/2017\/02\/Familien-Shaoua-300x228.png 300w\" sizes=\"(max-width: 459px) 100vw, 459px\" \/><\/p>\n<p style=\"text-align: justify;\">Die kleine Joudi Shaoua (10) \u00fcberreichte dem ehemaligen B\u00fcrgermeister der Stadt Beckum, Herrn Dr. Karl-Uwe Strothmann, zusammen mit ihrem Bruder\u00a0Kamal (6)\u00a0 und ihrem Vater Alaa Alden, ein selbstgemaltes Bild, als Dankesch\u00f6n f\u00fcr die herzliche Aufnahme ihrer Familie in Beckum, ziemlich genau ein Jahr\u00a0nachdem die Familie kurz vor\u00a0Weihnachten 2014 erstmals nach Beckum kam.<\/p>\n<p style=\"text-align: justify;\">Dieses eine Bild zeigt mit Kinderaugen, welchen beschwerlichen, entbehrlichen und besonders f\u00fcr die Kinder Angst einfl\u00f6\u00dfenden\u00a0Weg die Familie auf der Flucht aus ihrem bis dahin friedlichen zu Hause in Aleppo, im Norden Syriens, auf sich nehmen musste, bis\u00a0sie letztendlich in Beckum ihr neues zu Hause fand. Jeder hat die furchtbaren Bilder des Krieges wochenlang t\u00e4glich in den Medien verfolgen k\u00f6nnen, dennoch hat uns pers\u00f6nliches dieses eine Bild besonders bewegt.<\/p>\n<p><img decoding=\"async\" loading=\"lazy\" class=\"wp-image-81 size-full aligncenter\" src=\"http:\/\/aufdemwegzumendederwelt.de\/wp-content\/uploads\/2017\/02\/csm_ShaouaBild_klein_7ac986e0fc.jpg\" alt=\"\" width=\"800\" height=\"532\" srcset=\"https:\/\/aufdemwegzumendederwelt.de\/wp-content\/uploads\/2017\/02\/csm_ShaouaBild_klein_7ac986e0fc.jpg 800w, https:\/\/aufdemwegzumendederwelt.de\/wp-content\/uploads\/2017\/02\/csm_ShaouaBild_klein_7ac986e0fc-300x200.jpg 300w, https:\/\/aufdemwegzumendederwelt.de\/wp-content\/uploads\/2017\/02\/csm_ShaouaBild_klein_7ac986e0fc-768x511.jpg 768w\" sizes=\"(max-width: 767px) 89vw, (max-width: 1000px) 54vw, (max-width: 1071px) 543px, 580px\" \/><\/p>\n<p style=\"text-align: justify;\">Familie Shaoua ist dankbar in Beckum aufgenommen worden zu sein und mit ihr eine Vielzahl anderer Familien. Alle hoffen, dauerhaft in ihrem neuen zu Hause bleiben zu d\u00fcrfen, akzeptiert und integriert zu werden.<\/p>\n<p style=\"text-align: justify;\">Viele ehrenamtliche Helfer,\u00a0insbesondere die offiziellen und ausgebildeten Integrationslotsen, aber nat\u00fcrlich auch viele Mitarbeiter der\u00a0St\u00e4dte und Gemeinden, \u00a0der Jobcentren und anderer Sozialtr\u00e4ger, \u00a0sind unz\u00e4hlige Stunden im Einsatz, um die Hoffnung der Familien Realit\u00e4t\u00a0werden zu lassen. Ihnen gilt an dieser Stelle\u00a0h\u00f6chster Respekt f\u00fcr ihre t\u00e4gliche Arbeit.<\/p>\n<p style=\"text-align: justify;\">Wir m\u00f6chten unser Projekt &#8222;Finisterre&#8220; speziell den Kindern widmen.<\/p>\n<p style=\"text-align: justify;\">Unsere Pilgerreise, wird uns final zum Cap Finisterre &#8222;dem Ende der Welt&#8220; f\u00fchren, an einen Ort, den wir nicht kennen, von dem wir nicht wissen, ob wir ihn jemals erreichen werden. Wir werden diesen knapp 809 km langen Weg zu Fu\u00df zur\u00fccklegen und versuchen alle physischen und psychischen Hindernisse zu \u00fcberwinden.<\/p>\n<p style=\"text-align: justify;\">Unsere Reise ist ebenfalls\u00a0eine\u00a0Art Flucht &#8211; wir werden versuchen unserem Alltag f\u00fcr eine gewisse Zeit\u00a0zu entfliehen,\u00a0werden Schmerzen \u00fcberwinden und hoffentlich auch mentale Tiefpunkte hinter uns lassen. Jedoch\u00a0starten wir mit einer hervorragenden Ausr\u00fcstung und haben jeden Tag die Option nach Hause zur\u00fcckkehren zu k\u00f6nnen.<\/p>\n<p style=\"text-align: justify;\">Den wertvollsten Teil unserer Ausr\u00fcstung\u00a0stellen sicherlich unsere Schuhe dar. Ohne unsere Schuhe w\u00e4ren wir vermutlich nicht in der Lage, unsere knapp 809 km lange Wegstrecke zu bew\u00e4ltigen und unser uns gesetztes Ziel &#8211; (&#8222;Das Ende der Welt&#8220;) &#8211; zu erreichen.<\/p>\n<p style=\"text-align: justify;\">Die Kinder der Fl\u00fcchtlingsfamilien haben\u00a0bereits einen viel l\u00e4ngeren Weg hinter sich &#8211; aber vor allem noch vor sich, bis sie ihre Lebensziele erreichen.<\/p>\n<p style=\"text-align: justify;\">Mit unserem Projekt &#8222;Finisterre&#8220; m\u00f6chten wir so vielen Kindern wie m\u00f6glich, ganz individuell, Schuhe\u00a0 zukommen lassen\u00a0 und hoffen auf Ihre\/Eure tatkr\u00e4ftige Unterst\u00fctzung.<\/p>\n<p style=\"text-align: justify;\">Spenden erbitten wir freundlich zum Stichwort &#8222;Projekt Finisterre&#8220; auf das Spendenkonto der Stadt Beckum, IBAN: DE85 4125 0035 0000 0727 85, BIC: WELADED1BEK.<\/p>\n<p style=\"text-align: justify;\">Im Anschluss an unsere Reise werden wir nat\u00fcrlich \u00fcber den Verlauf und den hoffentlich\u00a0gro\u00dfen Erfolg\u00a0unseres Projektes berichten.<\/p>\n","protected":false},"excerpt":{"rendered":"<p>Der Gedanke, unsere Pilgerreise einem gutem Zweck zu widmen, kam uns im Dezember 2016. Die kleine Joudi Shaoua (10) \u00fcberreichte dem ehemaligen B\u00fcrgermeister der Stadt Beckum, Herrn Dr. Karl-Uwe Strothmann, zusammen mit ihrem Bruder\u00a0Kamal (6)\u00a0 und ihrem Vater Alaa Alden, ein selbstgemaltes Bild, als Dankesch\u00f6n f\u00fcr die herzliche Aufnahme ihrer Familie in Beckum, ziemlich genau &hellip; <\/p>\n<p class=\"link-more\"><a href=\"https:\/\/aufdemwegzumendederwelt.de\/?page_id=72\" class=\"more-link\"><span class=\"screen-reader-text\">\u201eProjekt Finisterre\u201c<\/span> weiterlesen<\/a><\/p>\n","protected":false},"author":1,"featured_media":0,"parent":0,"menu_order":0,"comment_status":"closed","ping_status":"closed","template":"","meta":[],"_links":{"self":[{"href":"https:\/\/aufdemwegzumendederwelt.de\/index.php?rest_route=\/wp\/v2\/pages\/72"}],"collection":[{"href":"https:\/\/aufdemwegzumendederwelt.de\/index.php?rest_route=\/wp\/v2\/pages"}],"about":[{"href":"https:\/\/aufdemwegzumendederwelt.de\/index.php?rest_route=\/wp\/v2\/types\/page"}],"author":[{"embeddable":true,"href":"https:\/\/aufdemwegzumendederwelt.de\/index.php?rest_route=\/wp\/v2\/users\/1"}],"replies":[{"embeddable":true,"href":"https:\/\/aufdemwegzumendederwelt.de\/index.php?rest_route=%2Fwp%2Fv2%2Fcomments&post=72"}],"version-history":[{"count":22,"href":"https:\/\/aufdemwegzumendederwelt.de\/index.php?rest_route=\/wp\/v2\/pages\/72\/revisions"}],"predecessor-version":[{"id":901,"href":"https:\/\/aufdemwegzumendederwelt.de\/index.php?rest_route=\/wp\/v2\/pages\/72\/revisions\/901"}],"wp:attachment":[{"href":"https:\/\/aufdemwegzumendederwelt.de\/index.php?rest_route=%2Fwp%2Fv2%2Fmedia&parent=72"}],"curies":[{"name":"wp","href":"https:\/\/api.w.org\/{rel}","templated":true}]}}