{"id":38,"date":"2017-02-17T20:09:22","date_gmt":"2017-02-17T20:09:22","guid":{"rendered":"http:\/\/aufdemwegzumendederwelt.de\/?page_id=38"},"modified":"2023-02-26T19:39:07","modified_gmt":"2023-02-26T19:39:07","slug":"datenschutz","status":"publish","type":"page","link":"https:\/\/aufdemwegzumendederwelt.de\/?page_id=38","title":{"rendered":"Datenschutz"},"content":{"rendered":"<p style=\"text-align: justify;\"><b>Datenschutzhinweise<\/b><br \/>\nWenn Sie die Webseite \u201ewww.aufdemwegzumendederwelt.de\u201c (\u201eWebseite\u201c) besuchen, gelten dabei die folgenden Bestimmungen:<br \/>\n<b>1<\/b>. <b>Verantwortlicher<\/b><br \/>\nHeiko Neum\u00fcller, 59269 Beckum, ist Verantwortlicher im Sinne der einschl\u00e4gigen Datenschutzvorschriften und Anbieter der Webseite.<br \/>\n<b>2. Automatisch gesammelte Informationen<\/b><br \/>\n<b>2.1 Allgemeines<\/b><br \/>\nWenn Sie auf die Webseite zugreifen, werden automatisch (also nicht \u00fcber eine Registrierung) allgemeine Informationen z.B. mit Hilfe von Cookies (s. hierzu Ziffer 2.2) gesammelt, die nicht personenbezogen sind. Solche allgemeinen Informationen sind z.B. Informationen \u00fcber den verwendeten Computer und die verwendete Verbindung zum Internet wie z. B. Browsertyp, -version und -nummer, Betriebssystem sowie \u00fcber Ihre Nutzung unserer Website (z.B. die Art und Reihenfolge der Seiten unseres Internet-Angebots, die Sie aufsuchen, Datum und Zeit des Besuchs). Diese allgemeinen Informationen werden weder zusammen mit Ihren bei Herzwerkstatt vorhandenen pers\u00f6nlichen Daten gespeichert noch mit diesen in sonstiger Weise zusammengef\u00fchrt. Diese allgemeinen Informationen werden verwendet, um Attraktivit\u00e4t, Inhalt und Funktionalit\u00e4t der Webseite zu verbessern. Eine Weitergabe dieser Daten an Dritte erfolgt nicht.<br \/>\n<b>2.2 Cookies<\/b><br \/>\nAuf der Webseite werden sogenannte &#8222;Cookies&#8220; eingesetzt. Cookies sind kleine Dateien, die tempor\u00e4r auf Ihrer Festplatte bzw. in Ihrem Web-Browser gespeichert werden.<br \/>\nUm den Besuch auf meiner Webseite noch bequemer und einfacher zu gestalten, ist es durch Cookies m\u00f6glich, Ihren Computer beim Wechsel zwischen verschiedenen Funktionen der Webseite oder beim n\u00e4chsten Aufruf der Webseite automatisch wiederzuerkennen. Durch den Einsatz von Cookies ist es uns au\u00dferdem m\u00f6glich, auf Basis statistischer Auswertungen, die Nutzbarkeit der Webseite st\u00e4ndig f\u00fcr Sie zu optimieren Cookies enthalten keine personenbezogenen Daten, so dass der Schutz Ihrer Privatsph\u00e4re gesichert ist. Je nach Einstellung akzeptiert Ihr Internetbrowser Cookies automatisch. Sie k\u00f6nnen aber die Einstellungen Ihres Browsers jederzeit \u00e4ndern und die Webseite auch ohne Cookies nutzen, wobei dann allerdings u.U. einige Funktionen der Webseite nicht oder nur eingeschr\u00e4nkt zur Verf\u00fcgung stehen.<br \/>\nDa Cookies nur Dateien und keine ausf\u00fchrbaren Software-Programme sind, geht von Cookies grunds\u00e4tzlich keine Gefahr f\u00fcr Ihren Rechner aus. Um Sicherheitsl\u00fccken Ihres Internet-Browsers zu schlie\u00dfen, sollten Sie den Browser durch Updates regelm\u00e4\u00dfig aktualisieren.<br \/>\nFolgende Cookies werden gesetzt:\u00a0Session Cookie.<br \/>\n<b>2.3 Social PlugIns<br \/>\n2.3.1 Facebook<\/b><br \/>\nAuf meinen Seiten sind Plugins des sozialen Netzwerks Facebook, 1601 South California Avenue, Palo Alto, CA 94304, USA integriert. Die Facebook-Plugins erkennen Sie an dem Facebook-Logo oder dem &#8222;Like-Button&#8220; (&#8222;Gef\u00e4llt mir\u201c) auf meiner Seite. Eine \u00dcbersicht \u00fcber die Facebook-Plugins finden Sie hier: http:\/\/developers.facebook.com\/docs\/plugins\/ Wenn Sie meine Seiten besuchen, wird \u00fcber das Plugin eine direkte Verbindung zwischen Ihrem Browser und dem Facebook-Server hergestellt. Facebook erh\u00e4lt dadurch die Information, dass Sie mit Ihrer IP-Adresse unsere Seite besucht haben. Wenn Sie den Facebook \u201eLike-Button\u201c anklicken w\u00e4hrend Sie in Ihrem Facebook-Account eingeloggt sind, k\u00f6nnen Sie die Inhalte meiner Seiten auf Ihrem Facebook-Profil verlinken. Dadurch kann Facebook den Besuch meiner Seiten Ihrem Benutzerkonto zuordnen. Ich weise darauf hin, dass ich als Anbieter der Seiten keine Kenntnis vom Inhalt der \u00fcbermittelten Daten sowie deren Nutzung durch Facebook erhalten. Weitere Informationen hierzu finden Sie in der Datenschutzerkl\u00e4rung von facebook unter https:\/\/de-de.facebook.com\/policy.php<br \/>\nWenn Sie nicht w\u00fcnschen, dass Facebook den Besuch meiner Seiten Ihrem Facebook-Nutzerkonto zuordnen kann, loggen Sie sich bitte aus Ihrem Facebook-Benutzerkonto aus.<br \/>\n<b>3. Datensicherheit<br \/>\n3.1 Transportverschl\u00fcsselung<\/b><br \/>\nIch setze zur Herstellung von Vertraulichkeit und Integrit\u00e4t in der Kommunikation zwischen dem Webserver und dem Webbrowser HyperText Transfer Protocol Secure (https) ein, um Ihre Daten abh\u00f6rsicher zu \u00fcbertragen.<br \/>\n<b>3.2 Sicherung von Daten Secure Sockets Layer (SSL)<\/b><br \/>\nIch setze zur Sicherung der von Ihnen auf der Webseite angegebenen pers\u00f6nlichen Daten den Standard Secure Sockets Layer (SSL) ein, der die von Ihnen \u00fcbermittelten Informationen verschl\u00fcsselt.<br \/>\nDiese Ma\u00dfnahme sch\u00fctzt Sie aber nicht vor unbefugtem Zugang Dritter zu Ihrem Computer oder Passwort. Ich empfehle Ihnen daher, entsprechende Vorsichtsma\u00dfnahmen zu treffen (z.B. Abmeldung vom Computer, wenn auch andere Personen Zugang zu Ihrem Computer haben).<br \/>\n<b>3.3 Server<\/b><br \/>\nDie Webseite einschlie\u00dflich deren Daten liegen auf einem Server, der von einen Dienstleister betrieben wird (\u201eHosting\u201c). Der Dienstleister ist als Auftragsverarbeiter t\u00e4tig und weisungsgebunden eingesetzt. Der Dienstleister erh\u00e4lt nur in dem Umfang und f\u00fcr den Zeitraum Zugang und Zugriff auf Ihre personenbezogenen Daten, der f\u00fcr die Erbringung der Dienstleistung erforderlich ist. Das Hosting findet ausschlie\u00dflich innerhalb der Europ\u00e4ischen Union bzw. des Europ\u00e4ischen Wirtschaftsraums statt.<br \/>\n<b>3.4 Technische und organisatorische Ma\u00dfnahmen<\/b><br \/>\nUnter Ber\u00fccksichtigung des Stands der Technik, der Implementierungskosten und der Art, des Umfangs, der Umst\u00e4nde und der Zwecke der Verarbeitung sowie der unterschiedlichen Eintrittswahrscheinlichkeit und Schwere des Risikos f\u00fcr die Rechte und Freiheiten nat\u00fcrlicher Personen treffen wir geeignete technische und organisatorische Ma\u00dfnahmen, um ein dem Risiko angemessenes Schutzniveau zu gew\u00e4hrleisten.<br \/>\n<b>4. Fragen zum Datenschutz<\/b><br \/>\nWenn Sie Fragen zum Datenschutz haben, k\u00f6nnen Sie sich jederzeit an Heiko@aufdemwegzumendederwelt.de wenden.<br \/>\nVersion: Januar 2017, 1.0<\/p>\n","protected":false},"excerpt":{"rendered":"<p>Datenschutzhinweise Wenn Sie die Webseite \u201ewww.aufdemwegzumendederwelt.de\u201c (\u201eWebseite\u201c) besuchen, gelten dabei die folgenden Bestimmungen: 1. Verantwortlicher Heiko Neum\u00fcller, 59269 Beckum, ist Verantwortlicher im Sinne der einschl\u00e4gigen Datenschutzvorschriften und Anbieter der Webseite. 2. Automatisch gesammelte Informationen 2.1 Allgemeines Wenn Sie auf die Webseite zugreifen, werden automatisch (also nicht \u00fcber eine Registrierung) allgemeine Informationen z.B. mit Hilfe von &hellip; <\/p>\n<p class=\"link-more\"><a href=\"https:\/\/aufdemwegzumendederwelt.de\/?page_id=38\" class=\"more-link\"><span class=\"screen-reader-text\">\u201eDatenschutz\u201c<\/span> weiterlesen<\/a><\/p>\n","protected":false},"author":1,"featured_media":0,"parent":0,"menu_order":0,"comment_status":"closed","ping_status":"closed","template":"","meta":[],"_links":{"self":[{"href":"https:\/\/aufdemwegzumendederwelt.de\/index.php?rest_route=\/wp\/v2\/pages\/38"}],"collection":[{"href":"https:\/\/aufdemwegzumendederwelt.de\/index.php?rest_route=\/wp\/v2\/pages"}],"about":[{"href":"https:\/\/aufdemwegzumendederwelt.de\/index.php?rest_route=\/wp\/v2\/types\/page"}],"author":[{"embeddable":true,"href":"https:\/\/aufdemwegzumendederwelt.de\/index.php?rest_route=\/wp\/v2\/users\/1"}],"replies":[{"embeddable":true,"href":"https:\/\/aufdemwegzumendederwelt.de\/index.php?rest_route=%2Fwp%2Fv2%2Fcomments&post=38"}],"version-history":[{"count":4,"href":"https:\/\/aufdemwegzumendederwelt.de\/index.php?rest_route=\/wp\/v2\/pages\/38\/revisions"}],"predecessor-version":[{"id":904,"href":"https:\/\/aufdemwegzumendederwelt.de\/index.php?rest_route=\/wp\/v2\/pages\/38\/revisions\/904"}],"wp:attachment":[{"href":"https:\/\/aufdemwegzumendederwelt.de\/index.php?rest_route=%2Fwp%2Fv2%2Fmedia&parent=38"}],"curies":[{"name":"wp","href":"https:\/\/api.w.org\/{rel}","templated":true}]}}